{"id":2845,"date":"2019-01-28T15:13:34","date_gmt":"2019-01-28T14:13:34","guid":{"rendered":"https:\/\/www.hotelvillarossi.it\/listino-prezzi\/"},"modified":"2026-02-11T18:08:41","modified_gmt":"2026-02-11T17:08:41","slug":"prix","status":"publish","type":"page","link":"https:\/\/www.hotelvillarossi.it\/fr\/prix\/","title":{"rendered":"Prix"},"content":{"rendered":"<p><div class=\"fusion-fullwidth fullwidth-box fusion-builder-row-1 nonhundred-percent-fullwidth non-hundred-percent-height-scrolling\" style=\"background-color: rgba(255,255,255,0);background-position: left top;background-repeat: no-repeat;padding-top:0px;padding-right:0px;padding-bottom:50px;padding-left:0px;margin-bottom: 0px;margin-top: 0px;border-width: 0px 0px 0px 0px;border-color:#eae9e9;border-style:solid;\" ><div class=\"fusion-builder-row fusion-row\"><div class=\"fusion-layout-column fusion_builder_column fusion-builder-column-0 fusion_builder_column_1_1 1_1 fusion-one-full fusion-column-first fusion-column-last\" style=\"margin-top:0px;margin-bottom:20px;\"><div class=\"fusion-column-wrapper fusion-flex-column-wrapper-legacy\" style=\"background-position:right bottom;background-repeat:no-repeat;-webkit-background-size:cover;-moz-background-size:cover;-o-background-size:cover;background-size:cover;padding: 0px 0px 0px 0px;\"><div class=\"fusion-text fusion-text-1\" style=\"transform:translate3d(0,0,0);\"><h1>Prix 2026<\/h1>\n<\/div><div class=\"fusion-sep-clear\"><\/div><div class=\"fusion-separator fusion-clearfix\" style=\"float:left;margin-top:0px;margin-bottom:20px;width:100%;max-width:50px;\"><div class=\"fusion-separator-border sep-single sep-solid\" style=\"border-color:#cbaa5c;border-top-width:1px;\"><\/div><\/div><div class=\"fusion-sep-clear\"><\/div>\n<div class=\"table-1\">\n<table style=\"width: 100%; height: 216px;\" width=\"100%\">\n<thead>\n<tr style=\"height: 72px;\">\n<th style=\"height: 72px; width: 124.433px;\"><\/th>\n<th style=\"text-align: center; height: 72px; width: 358.35px;\"><strong>Pension compl\u00e8te<\/strong><\/th>\n<th style=\"text-align: center; height: 72px; width: 490.283px;\">All Inclusive<\/th>\n<th style=\"text-align: center; width: 142.433px;\">7 Night<br \/>\nAll inclusive<\/th>\n<\/tr>\n<\/thead>\n<tbody>\n<tr style=\"height: 24px;\">\n<td style=\"height: 24px; width: 124.433px;\" align=\"left\"><\/td>\n<td style=\"text-align: center; height: 24px; width: 358.35px;\">\u00e0 partir de<\/td>\n<td style=\"text-align: center; height: 24px; width: 490.283px;\"><\/td>\n<td style=\"text-align: center; width: 142.433px;\">\u00e0 partir de<\/td>\n<\/tr>\n<tr style=\"height: 24px;\">\n<td style=\"height: 24px; width: 124.433px;\" align=\"left\">22.05 &#8211; 18.06<\/td>\n<td style=\"text-align: center; height: 24px; width: 358.35px;\">\u00a0\u20ac 60,00<\/td>\n<td style=\"text-align: center; height: 24px; width: 490.283px;\">+\u20ac 20,00<\/td>\n<td style=\"text-align: center; width: 142.433px;\">\u00a0\u20ac 525,00<\/td>\n<\/tr>\n<tr style=\"height: 24px;\">\n<td style=\"height: 24px; width: 124.433px;\" align=\"left\">19.06 &#8211; 30.06<\/td>\n<td style=\"text-align: center; height: 24px; width: 358.35px;\">\u00a0\u20ac 60,00 &#8211; \u20ac65,00<\/td>\n<td style=\"text-align: center; height: 24px; width: 490.283px;\">+\u20ac 20,00<\/td>\n<td style=\"text-align: center; width: 142.433px;\">\u00a0\u20ac 585,00<\/td>\n<\/tr>\n<tr style=\"height: 24px;\">\n<td style=\"height: 24px; width: 124.433px;\">01.07 &#8211; 07.08<br \/>\n23.08 &#8211; 31.08<\/td>\n<td style=\"text-align: center; height: 24px; width: 358.35px;\">\u00a0\u20ac 74,00<\/td>\n<td style=\"text-align: center; height: 24px; width: 490.283px;\">+\u20ac 20,00<\/td>\n<td style=\"text-align: center; width: 142.433px;\">\u00a0\u20ac 650,00<\/td>\n<\/tr>\n<tr style=\"height: 24px;\">\n<td style=\"height: 24px; width: 124.433px;\" align=\"left\">07.08 -22.08<\/td>\n<td style=\"text-align: center; height: 24px; width: 358.35px;\">\u00a0\u20ac 74,00 &#8211; 85,00<\/td>\n<td style=\"text-align: center; height: 24px; width: 490.283px;\">sur demande<\/td>\n<td style=\"text-align: center; width: 142.433px;\">sur demande<\/td>\n<\/tr>\n<tr style=\"height: 24px;\">\n<td style=\"height: 24px; width: 124.433px;\" align=\"left\">01.09 14.09<\/td>\n<td style=\"text-align: center; height: 24px; width: 358.35px;\">\u00a0\u20ac 60,00 &#8211; 65,00<\/td>\n<td style=\"text-align: center; height: 24px; width: 490.283px;\">+\u20ac 19,00<\/td>\n<td style=\"text-align: center; width: 142.433px;\">\u20ac 525,00<\/td>\n<\/tr>\n<\/tbody>\n<\/table>\n<\/div>\n<div class=\"fusion-sep-clear\"><\/div><div class=\"fusion-separator fusion-clearfix\" style=\"float:left;margin-top:30px;margin-bottom:30px;width:100%;max-width:50px;\"><div class=\"fusion-separator-border sep-single sep-solid\" style=\"border-color:#cbaa5c;border-top-width:1px;\"><\/div><\/div><div class=\"fusion-sep-clear\"><\/div><div class=\"fusion-text fusion-text-2\" style=\"transform:translate3d(0,0,0);\"><p><span class=\"VIiyi\" lang=\"fr\"><span class=\"JLqJ4b ChMk0b\" data-language-for-alternatives=\"fr\" data-language-to-translate-into=\"it\" data-phrase-index=\"8\" data-number-of-phrases=\"29\">Les prix sont par personne et par jour en pension compl\u00e8te avec eau aux repas inclus.<\/span> <span class=\"JLqJ4b ChMk0b\" data-language-for-alternatives=\"fr\" data-language-to-translate-into=\"it\" data-phrase-index=\"9\" data-number-of-phrases=\"29\">Suivant une grille tarifaire dynamique et \u00e9volutive selon la saison, ils sont \u00e0 consid\u00e9rer \u00ab\u00a0\u00e0 partir de\u00a0\u00bb pour un minimum de 3 nuits.<\/span> <\/span><\/p>\n<p><span class=\"VIiyi\" lang=\"fr\"><span class=\"JLqJ4b ChMk0b\" data-language-for-alternatives=\"fr\" data-language-to-translate-into=\"it\" data-phrase-index=\"10\" data-number-of-phrases=\"29\">Le prix de la formule \u00ab Plaje Inclus \u00bb est \u00e0 consid\u00e9rer pour un minimum de 7 nuits.<\/span> <span class=\"JLqJ4b ChMk0b\" data-language-for-alternatives=\"fr\" data-language-to-translate-into=\"it\" data-phrase-index=\"12\" data-number-of-phrases=\"29\">Les repas non consomm\u00e9s au restaurant ne seront pas rembours\u00e9s, un Packet-Lunch sera fourni sur demande<\/span> <\/span><\/p>\n<p><span class=\"VIiyi\" lang=\"fr\"><span class=\"JLqJ4b ChMk0b\" data-language-for-alternatives=\"fr\" data-language-to-translate-into=\"it\" data-phrase-index=\"14\" data-number-of-phrases=\"29\"><strong>Pension compl\u00e8te<\/strong>.<\/span><br \/>\n<span class=\"JLqJ4b ChMk0b\" data-language-for-alternatives=\"fr\" data-language-to-translate-into=\"it\" data-phrase-index=\"16\" data-number-of-phrases=\"29\">La pension compl\u00e8te comprend l&rsquo;h\u00e9bergement en chambre standard, le petit-d\u00e9jeuner buffet, le d\u00e9jeuner et le d\u00eener servis \u00e0 table avec un choix de menus de viande et de poisson et l&rsquo;eau comprise aux repas.<\/span> <\/span><\/p>\n<p><span class=\"VIiyi\" lang=\"fr\"><strong><span class=\"JLqJ4b ChMk0b\" data-language-for-alternatives=\"fr\" data-language-to-translate-into=\"it\" data-phrase-index=\"18\" data-number-of-phrases=\"29\">Offres sp\u00e9ciales<\/span><br \/>\n<\/strong><span class=\"JLqJ4b ChMk0b\" data-language-for-alternatives=\"fr\" data-language-to-translate-into=\"it\" data-phrase-index=\"20\" data-number-of-phrases=\"29\">Pour recevoir des offres sp\u00e9ciales normalement disponibles \u00e0 tout moment de l&rsquo;ann\u00e9e, vous pouvez consulter notre page d\u00e9di\u00e9e<\/span> <\/span><\/p>\n<p><strong>Suppl\u00e9ments:<br \/>\n<\/strong>Chambre simple: +6,00 \u20ac<br \/>\nClimatisation: +4,00 \u20ac a camera<br \/>\nPension compl\u00e8te + boissons aux repas: +6,00 \u20ac par jour par personne<\/p>\n<p><strong>R\u00e9ductions:<br \/>\n<\/strong>Demie pension: -5.00 \u20ac<br \/>\nEnfants dans la chambre avec 2 adultes:<br \/>\n\u2013 enfants jusqu\u2019\u00e0 1 ans: 15.00 \u20ac al giorno<br \/>\n\u2013 enfants de 2 \u00e0 6 ans: -50%<br \/>\n\u2013 enfants de 7 \u00e0 13 ans: -30%<br \/>\n<span id=\"result_box\" class=\"short_text\" lang=\"fr\"><span class=\"hps\">Troisi\u00e8me lit: -10%<br \/>\n<\/span><\/span>Quatri\u00e8me lit: -20%<\/p>\n<p><strong>GRATUIT Enfants sp\u00e9cial (s\u00e9jour minimum de 7 jours):<br \/>\n<\/strong>Un enfant de moins de 4 ans gratuit dans la chambre avec 2 adultes (sauf 7 Ao\u00fbt \u00e0 21)<\/p>\n<p><strong>Sp\u00e9ciale de la famille:<br \/>\n<\/strong>2 adultes + 2 enfants (de moins de 13 ans) = 3 adultes<\/p>\n<p><strong>Sp\u00e9cial 1 adulte + 1 enfant:<br \/>\n<\/strong>L\u2019enfant re\u00e7oit un rabais \u00e0 personnaliser<\/p>\n<\/div><div class=\"fusion-clearfix\"><\/div><\/div><\/div><\/div><\/div><div class=\"fusion-bg-parallax\" data-bg-align=\"left center\" data-direction=\"up\" data-mute=\"false\" data-opacity=\"100\" data-velocity=\"-0.3\" data-mobile-enabled=\"false\" data-break_parents=\"0\" data-bg-image=\"https:\/\/www.hotelvillarossi.it\/wp-content\/uploads\/2015\/01\/testimonials_bg1.jpg\" data-bg-repeat=\"false\" data-bg-color=\"#f4f6f8\" ><\/div><div class=\"fusion-fullwidth fullwidth-box fusion-builder-row-2 fusion-parallax-up nonhundred-percent-fullwidth non-hundred-percent-height-scrolling fusion-equal-height-columns lazyload\" style=\"background-color: #f4f6f8;background-position: left center;background-repeat: no-repeat;padding-top:0px;padding-right:0px;padding-bottom:60px;padding-left:0px;margin-bottom: 100px;margin-top: 0px;border-width: 0px 0px 0px 0px;border-color:#eae9e9;border-style:solid;-webkit-background-size:cover;-moz-background-size:cover;-o-background-size:cover;background-size:cover;\" data-bg=\"https:\/\/www.hotelvillarossi.it\/wp-content\/uploads\/2015\/01\/testimonials_bg1.jpg\" ><div class=\"fusion-builder-row fusion-row\"><div class=\"fusion-layout-column fusion_builder_column fusion-builder-column-1 fusion_builder_column_1_1 1_1 fusion-one-full fusion-column-first fusion-column-last fusion-column-no-min-height\" style=\"margin-top:0px;margin-bottom:0px;\"><div class=\"fusion-column-wrapper fusion-flex-column-wrapper-legacy\" style=\"background-position:left top;background-repeat:no-repeat;-webkit-background-size:cover;-moz-background-size:cover;-o-background-size:cover;background-size:cover;padding: 0px 0px 0px 0px;\"><div class=\"imageframe-align-center\"><span class=\" fusion-imageframe imageframe-none imageframe-1 hover-type-none\"><img width=\"370\" height=\"82\" title=\"Ornamenti all&rsquo;Hotel Villa Rossi\" src=\"https:\/\/www.hotelvillarossi.it\/wp-content\/uploads\/2019\/01\/flowers_top-hvr.png\" data-orig-src=\"https:\/\/www.hotelvillarossi.it\/wp-content\/uploads\/2019\/01\/flowers_top-hvr.png\" class=\"lazyload img-responsive wp-image-2366\" srcset=\"data:image\/svg+xml,%3Csvg%20xmlns%3D%27http%3A%2F%2Fwww.w3.org%2F2000%2Fsvg%27%20width%3D%27370%27%20height%3D%2782%27%20viewBox%3D%270%200%20370%2082%27%3E%3Crect%20width%3D%27370%27%20height%3D%27382%27%20fill-opacity%3D%220%22%2F%3E%3C%2Fsvg%3E\" data-srcset=\"https:\/\/www.hotelvillarossi.it\/wp-content\/uploads\/2019\/01\/flowers_top-hvr-200x44.png 200w, https:\/\/www.hotelvillarossi.it\/wp-content\/uploads\/2019\/01\/flowers_top-hvr.png 370w\" data-sizes=\"auto\" data-orig-sizes=\"(max-width: 800px) 100vw, 370px\" \/><\/span><\/div><div class=\"fusion-sep-clear\"><\/div><div class=\"fusion-separator fusion-full-width-sep\" style=\"margin-left: auto;margin-right: auto;margin-top:55px;width:100%;\"><\/div><div class=\"fusion-sep-clear\"><\/div><div class=\"fusion-clearfix\"><\/div><\/div><\/div><div class=\"fusion-layout-column fusion_builder_column fusion-builder-column-2 fusion_builder_column_1_6 1_6 fusion-one-sixth fusion-column-first\" style=\"margin-top:0px;margin-bottom:20px;\"><div class=\"fusion-column-wrapper fusion-flex-column-wrapper-legacy\" style=\"background-position:left top;background-repeat:no-repeat;-webkit-background-size:cover;-moz-background-size:cover;-o-background-size:cover;background-size:cover;padding: 0px 0px 0px 0px;\"><div class=\"fusion-fa-align-center\"><i class=\"fb-icon-element-1 fb-icon-element fontawesome-icon fa-quote-left fas circle-yes\" style=\"font-size:35.2px;line-height:68.4px;height:70.4px;width:70.4px;border-width:1px;\"><\/i><\/div><style>i.fb-icon-element.fontawesome-icon.fb-icon-element-1{ color: #ffffff; background-color: #32324e; border-color: transparent;}i.fb-icon-element.fontawesome-icon.fb-icon-element-1:hover { color: #ffffff; background-color: #32324e; border-color: transparent;}<\/style><div class=\"fusion-clearfix\"><\/div><\/div><\/div><div class=\"fusion-layout-column fusion_builder_column fusion-builder-column-3 fusion_builder_column_1_3 1_3 fusion-one-third\" style=\"margin-top:0px;margin-bottom:20px;\"><div class=\"fusion-column-wrapper fusion-flex-column-wrapper-legacy\" style=\"background-position:left top;background-repeat:no-repeat;-webkit-background-size:cover;-moz-background-size:cover;-o-background-size:cover;background-size:cover;padding: 0px 0px 0px 0px;\"><div class=\"fusion-text fusion-text-3\" style=\"transform:translate3d(0,0,0);\"><h4><em>\u00ab\u00a0Parfait ! Id\u00e9al pour des vacances sans soucis&#8230;. La propret\u00e9 et l&rsquo;ordre sont la premi\u00e8re chose que vous remarquez.\u201d<\/em><\/h4>\n<p style=\"letter-spacing: 4px; font-size: 13px; line-height: 22px;\">CHIARA Z.<\/p>\n<\/div><div class=\"fusion-clearfix\"><\/div><\/div><\/div><div class=\"fusion-layout-column fusion_builder_column fusion-builder-column-4 fusion_builder_column_1_6 1_6 fusion-one-sixth\" style=\"margin-top:0px;margin-bottom:20px;\"><div class=\"fusion-column-wrapper fusion-flex-column-wrapper-legacy\" style=\"background-position:left top;background-repeat:no-repeat;-webkit-background-size:cover;-moz-background-size:cover;-o-background-size:cover;background-size:cover;padding: 0px 0px 0px 0px;\"><div class=\"fusion-fa-align-center\"><i class=\"fb-icon-element-2 fb-icon-element fontawesome-icon fa-quote-left fas circle-yes\" style=\"font-size:35.2px;line-height:68.4px;height:70.4px;width:70.4px;border-width:1px;\"><\/i><\/div><style>i.fb-icon-element.fontawesome-icon.fb-icon-element-2{ color: #ffffff; background-color: #32324e; border-color: transparent;}i.fb-icon-element.fontawesome-icon.fb-icon-element-2:hover { color: #ffffff; background-color: #32324e; border-color: transparent;}<\/style><div class=\"fusion-clearfix\"><\/div><\/div><\/div><div class=\"fusion-layout-column fusion_builder_column fusion-builder-column-5 fusion_builder_column_1_3 1_3 fusion-one-third fusion-column-last\" style=\"margin-top:0px;margin-bottom:20px;\"><div class=\"fusion-column-wrapper fusion-flex-column-wrapper-legacy\" style=\"background-position:left top;background-repeat:no-repeat;-webkit-background-size:cover;-moz-background-size:cover;-o-background-size:cover;background-size:cover;padding: 0px 0px 0px 0px;\"><div class=\"fusion-text fusion-text-4\" style=\"transform:translate3d(0,0,0);\"><h4><em>\u00ab\u00a0C&rsquo;est fantastique ! Un h\u00f4tel 2 \u00e9toiles qui vaut beaucoup plus ! &#8230; Les chambres sont tr\u00e8s propres et la structure en g\u00e9n\u00e9ral tr\u00e8s agr\u00e9able ! &#8230; S\u00e9jour merveilleux ! Je reviendrai s\u00fbrement !\u201d<\/em><\/h4>\n<p style=\"letter-spacing: 4px; font-size: 13px; line-height: 22px;\">R411ZUCHARLOTTE<\/p>\n<\/div><div class=\"fusion-clearfix\"><\/div><\/div><\/div><\/div><\/div><div class=\"fusion-fullwidth fullwidth-box fusion-builder-row-3 nonhundred-percent-fullwidth non-hundred-percent-height-scrolling\" style=\"background-color: rgba(255,255,255,0);background-position: center center;background-repeat: no-repeat;padding-top:0px;padding-right:0px;padding-bottom:0px;padding-left:0px;margin-bottom: 60px;margin-top: 0px;border-width: 0px 0px 0px 0px;border-color:#eae9e9;border-style:solid;\" ><div class=\"fusion-builder-row fusion-row\"><div class=\"fusion-layout-column fusion_builder_column fusion-builder-column-6 fusion_builder_column_1_1 1_1 fusion-one-full fusion-column-first fusion-column-last fusion-column-no-min-height\" style=\"margin-top:0px;margin-bottom:0px;\"><div class=\"fusion-column-wrapper fusion-flex-column-wrapper-legacy\" style=\"background-position:left top;background-repeat:no-repeat;-webkit-background-size:cover;-moz-background-size:cover;-o-background-size:cover;background-size:cover;padding: 0px 0px 0px 0px;\"><div class=\"fusion-flip-boxes flip-boxes row fusion-columns-3 flip-effect-classic\"><div class=\"fusion-flip-box-wrapper fusion-column col-lg-4 col-md-4 col-sm-4\"><div class=\"fusion-flip-box flip-right\" tabindex=\"0\"><div class=\"flip-box-inner-wrapper\"><div class=\"flip-box-front\" style=\"background-color:#ffffff;border-color:rgba(255,255,255,0);border-radius:4px;border-style:solid;border-width:1px;color:#747474;transition-duration:0.8s;\"><div class=\"flip-box-front-inner\"><div class=\"flip-box-grafix flip-box-no-circle\"><i aria-hidden=\"true\" class=\"fa-map-marker-alt fas\" style=\"color:#cbaa5c;\"><\/i><\/div><h2 class=\"flip-box-heading\" style=\"color:#333333;\">Contactez nous<\/h2>Vous souhaitez avoir plus d'informations,<br \/>\nconna\u00eetre les disponibilit\u00e9s pour vos s\u00e9jours?<\/div><\/div><div class=\"flip-box-back\" style=\"background-color:#ab8b65;border-color:rgba(255,255,255,0);border-radius:4px;border-style:solid;border-width:1px;color:#ffffff;transition-duration:0.8s;\"><div class=\"flip-box-back-inner\"><h3 class=\"flip-box-heading-back\" style=\"color:#eeeded;\">Contactez nous<\/h3>\n<p>Nous serons heureux de r\u00e9pondre<br \/>\n\u00e0 toutes vos questions <div class=\"fusion-button-wrapper\"><style type=\"text\/css\">.fusion-button.button-1 .fusion-button-text, .fusion-button.button-1 i {color:#171717;}.fusion-button.button-1 .fusion-button-icon-divider{border-color:#171717;}.fusion-button.button-1:hover .fusion-button-text, .fusion-button.button-1:hover i,.fusion-button.button-1:focus .fusion-button-text, .fusion-button.button-1:focus i,.fusion-button.button-1:active .fusion-button-text, .fusion-button.button-1:active{color:#171717;}.fusion-button.button-1:hover .fusion-button-icon-divider, .fusion-button.button-1:hover .fusion-button-icon-divider, .fusion-button.button-1:active .fusion-button-icon-divider{border-color:#171717;}.fusion-button.button-1:hover, .fusion-button.button-1:focus, .fusion-button.button-1:active{border-color:#171717;border-width:0px;}.fusion-button.button-1 {border-color:#171717;border-width:0px;border-radius:0px;}.fusion-button.button-1{background: rgba(255,255,255,.25);}.fusion-button.button-1:hover,.button-1:focus,.fusion-button.button-1:active{background: rgba(255,255,255,.45);}<\/style><a class=\"fusion-button button-flat button-large button-custom button-1 fusion-button-default-span \" target=\"_self\" href=\"\/fr\/contacts\/\"><span class=\"fusion-button-text\">Oui, je souhaite plus d&rsquo;informations<\/span><\/a><\/div>\n<\/div><\/div><\/div><\/div><\/div><div class=\"fusion-flip-box-wrapper fusion-column col-lg-4 col-md-4 col-sm-4\"><div class=\"fusion-flip-box flip-right\" tabindex=\"0\"><div class=\"flip-box-inner-wrapper\"><div class=\"flip-box-front\" style=\"background-color:#ffffff;border-color:rgba(255,255,255,0);border-radius:4px;border-style:solid;border-width:1px;color:#747474;transition-duration:0.8s;\"><div class=\"flip-box-front-inner\"><div class=\"flip-box-grafix flip-box-no-circle\"><i aria-hidden=\"true\" class=\"fa-envelope far\" style=\"color:#cbaa5c;\"><\/i><\/div><h2 class=\"flip-box-heading\" style=\"color:#333333;\">\u00c9crivez-nous un email<\/h2>Souhaitez-vous plus d'informations sur notre h\u00f4tel et nos services ?<\/div><\/div><div class=\"flip-box-back\" style=\"background-color:#ab8b65;border-color:rgba(255,255,255,0);border-radius:4px;border-style:solid;border-width:1px;color:#ffffff;transition-duration:0.8s;\"><div class=\"flip-box-back-inner\"><h3 class=\"flip-box-heading-back\" style=\"color:#eeeded;\">\u00c9crivez-nous un email<\/h3>\n<p>Email: <strong>info@hotelvillarossi.it<\/strong> <div class=\"fusion-button-wrapper\"><style type=\"text\/css\">.fusion-button.button-2 .fusion-button-text, .fusion-button.button-2 i {color:#171717;}.fusion-button.button-2 .fusion-button-icon-divider{border-color:#171717;}.fusion-button.button-2:hover .fusion-button-text, .fusion-button.button-2:hover i,.fusion-button.button-2:focus .fusion-button-text, .fusion-button.button-2:focus i,.fusion-button.button-2:active .fusion-button-text, .fusion-button.button-2:active{color:#171717;}.fusion-button.button-2:hover .fusion-button-icon-divider, .fusion-button.button-2:hover .fusion-button-icon-divider, .fusion-button.button-2:active .fusion-button-icon-divider{border-color:#171717;}.fusion-button.button-2:hover, .fusion-button.button-2:focus, .fusion-button.button-2:active{border-color:#171717;border-width:0px;}.fusion-button.button-2 {border-color:#171717;border-width:0px;border-radius:0px;}.fusion-button.button-2{background: rgba(255,255,255,.25);}.fusion-button.button-2:hover,.button-2:focus,.fusion-button.button-2:active{background: rgba(255,255,255,.45);}<\/style><a class=\"fusion-button button-flat button-large button-custom button-2 fusion-button-default-span \" target=\"_self\" href=\"mailto:info@hotelvillarossi.it\"><span class=\"fusion-button-text\">Envoyer un email<\/span><\/a><\/div>\n<\/div><\/div><\/div><\/div><\/div><div class=\"fusion-flip-box-wrapper fusion-column col-lg-4 col-md-4 col-sm-4\"><div class=\"fusion-flip-box flip-right\" tabindex=\"0\"><div class=\"flip-box-inner-wrapper\"><div class=\"flip-box-front\" style=\"background-color:#ffffff;border-color:rgba(255,255,255,0);border-radius:4px;border-style:solid;border-width:1px;color:#747474;transition-duration:0.8s;\"><div class=\"flip-box-front-inner\"><div class=\"flip-box-grafix flip-box-no-circle\"><i aria-hidden=\"true\" class=\"fa-phone fas\" style=\"color:#cbaa5c;\"><\/i><\/div><h2 class=\"flip-box-heading\" style=\"color:#333333;\">Appelez-nous !<\/h2>Vous pr\u00e9f\u00e9rez nous parler<br \/>\ndirectement par t\u00e9l\u00e9phone ?<\/div><\/div><div class=\"flip-box-back\" style=\"background-color:#ab8b65;border-color:rgba(255,255,255,0);border-radius:4px;border-style:solid;border-width:1px;color:#ffffff;transition-duration:0.8s;\"><div class=\"flip-box-back-inner\"><h3 class=\"flip-box-heading-back\" style=\"color:#eeeded;\">Appelez-nous !<\/h3>\n<p>Appelez-nous au (+39) 0541 330 271<div class=\"fusion-button-wrapper\"><style type=\"text\/css\">.fusion-button.button-3 .fusion-button-text, .fusion-button.button-3 i {color:#171717;}.fusion-button.button-3 .fusion-button-icon-divider{border-color:#171717;}.fusion-button.button-3:hover .fusion-button-text, .fusion-button.button-3:hover i,.fusion-button.button-3:focus .fusion-button-text, .fusion-button.button-3:focus i,.fusion-button.button-3:active .fusion-button-text, .fusion-button.button-3:active{color:#171717;}.fusion-button.button-3:hover .fusion-button-icon-divider, .fusion-button.button-3:hover .fusion-button-icon-divider, .fusion-button.button-3:active .fusion-button-icon-divider{border-color:#171717;}.fusion-button.button-3:hover, .fusion-button.button-3:focus, .fusion-button.button-3:active{border-color:#171717;border-width:0px;}.fusion-button.button-3 {border-color:#171717;border-width:0px;border-radius:0px;}.fusion-button.button-3{background: rgba(255,255,255,.25);}.fusion-button.button-3:hover,.button-3:focus,.fusion-button.button-3:active{background: rgba(255,255,255,.45);}<\/style><a class=\"fusion-button button-flat button-large button-custom button-3 fusion-button-default-span \" target=\"_self\" href=\"tel:+390541330271\"><span class=\"fusion-button-text\">Oui, je veux vous appeler<\/span><\/a><\/div>\n<\/div><\/div><\/div><\/div><\/div><\/div><div class=\"clearfix\"><\/div><div class=\"fusion-clearfix\"><\/div><\/div><\/div><\/div><\/div>\n<\/p>\n","protected":false},"excerpt":{"rendered":"","protected":false},"author":1,"featured_media":0,"parent":0,"menu_order":0,"comment_status":"open","ping_status":"closed","template":"100-width.php","meta":{"_expiration-date-status":"","_expiration-date":0,"_expiration-date-type":"","_expiration-date-categories":[],"_expiration-date-options":[]},"_links":{"self":[{"href":"https:\/\/www.hotelvillarossi.it\/fr\/wp-json\/wp\/v2\/pages\/2845"}],"collection":[{"href":"https:\/\/www.hotelvillarossi.it\/fr\/wp-json\/wp\/v2\/pages"}],"about":[{"href":"https:\/\/www.hotelvillarossi.it\/fr\/wp-json\/wp\/v2\/types\/page"}],"author":[{"embeddable":true,"href":"https:\/\/www.hotelvillarossi.it\/fr\/wp-json\/wp\/v2\/users\/1"}],"replies":[{"embeddable":true,"href":"https:\/\/www.hotelvillarossi.it\/fr\/wp-json\/wp\/v2\/comments?post=2845"}],"version-history":[{"count":20,"href":"https:\/\/www.hotelvillarossi.it\/fr\/wp-json\/wp\/v2\/pages\/2845\/revisions"}],"predecessor-version":[{"id":4105,"href":"https:\/\/www.hotelvillarossi.it\/fr\/wp-json\/wp\/v2\/pages\/2845\/revisions\/4105"}],"wp:attachment":[{"href":"https:\/\/www.hotelvillarossi.it\/fr\/wp-json\/wp\/v2\/media?parent=2845"}],"curies":[{"name":"wp","href":"https:\/\/api.w.org\/{rel}","templated":true}]}}