{"id":2997,"date":"2019-02-09T17:11:33","date_gmt":"2019-02-09T16:11:33","guid":{"rendered":"https:\/\/www.hotelvillarossi.it\/kontakte\/"},"modified":"2021-04-16T23:52:20","modified_gmt":"2021-04-16T22:52:20","slug":"kontakte","status":"publish","type":"page","link":"https:\/\/www.hotelvillarossi.it\/de\/kontakte\/","title":{"rendered":"Kontakte"},"content":{"rendered":"<p><div class=\"fusion-fullwidth fullwidth-box fusion-builder-row-1 nonhundred-percent-fullwidth non-hundred-percent-height-scrolling\" style=\"background-color: rgba(255,255,255,0);background-position: left top;background-repeat: no-repeat;padding-top:0px;padding-right:0px;padding-bottom:0px;padding-left:0px;margin-bottom: 0px;margin-top: 0px;border-width: 0px 0px 0px 0px;border-color:#eae9e9;border-style:solid;\" ><div class=\"fusion-builder-row fusion-row\"><div class=\"fusion-layout-column fusion_builder_column fusion-builder-column-0 fusion_builder_column_1_1 1_1 fusion-one-full fusion-column-first fusion-column-last\" style=\"margin-top:0px;margin-bottom:20px;\"><div class=\"fusion-column-wrapper fusion-flex-column-wrapper-legacy\" style=\"background-position:left top;background-repeat:no-repeat;-webkit-background-size:cover;-moz-background-size:cover;-o-background-size:cover;background-size:cover;padding: 0px 0px 0px 0px;\"><div class=\"fusion-text fusion-text-1\" style=\"transform:translate3d(0,0,0);\"><p style=\"letter-spacing: 4px; font-size: 13px; margin-bottom: 0px; text-align: center;\">F\u00dcR JEGLICHE INFORMATION<\/p>\n<h1 style=\"text-align: center;\">KONTAKT UNS<\/h1>\n<\/div><div class=\"fusion-sep-clear\"><\/div><div class=\"fusion-separator\" style=\"margin-left: auto;margin-right: auto;margin-top:0px;margin-bottom:20px;width:100%;max-width:50px;\"><div class=\"fusion-separator-border sep-single sep-solid\" style=\"border-color:#cbaa5c;border-top-width:1px;\"><\/div><\/div><div class=\"fusion-sep-clear\"><\/div><div class=\"fusion-text fusion-text-2\" style=\"transform:translate3d(0,0,0);\"><p>Um das Hotel Villa Rossi zu kontaktieren, f\u00fcllen Sie das folgende Formular aus, wir werden Ihnen so schnell wie m\u00f6glich antworten.<\/p>\n<\/div><div class=\"fusion-clearfix\"><\/div><\/div><\/div><\/div><\/div><div class=\"fusion-fullwidth fullwidth-box fusion-builder-row-2 nonhundred-percent-fullwidth non-hundred-percent-height-scrolling\" style=\"background-color: rgba(255,255,255,0);background-position: left top;background-repeat: no-repeat;padding-top:0px;padding-right:0px;padding-bottom:55px;padding-left:0px;margin-bottom: 0px;margin-top: 0px;border-width: 0px 0px 0px 0px;border-color:#eae9e9;border-style:solid;\" ><div class=\"fusion-builder-row fusion-row\"><div class=\"fusion-layout-column fusion_builder_column fusion-builder-column-1 fusion_builder_column_2_3 2_3 fusion-two-third fusion-column-first mwb-border-radius fusion-column-no-min-height\" style=\"width:65.3333%; margin-right: 4%;margin-top:0px;margin-bottom:0px;\"><div class=\"fusion-column-wrapper fusion-flex-column-wrapper-legacy\" style=\"background-position:left top;background-repeat:no-repeat;-webkit-background-size:cover;-moz-background-size:cover;-o-background-size:cover;background-size:cover;background-color:#f4f6f8;border-width: 1px 1px 1px 1px;border-color:#4f4977;border-style:solid;padding: 40px 40px 40px 40px;\"><div role=\"form\" class=\"wpcf7\" id=\"wpcf7-f2999-o1\" lang=\"en-US\" dir=\"ltr\">\n<div class=\"screen-reader-response\"><p role=\"status\" aria-live=\"polite\" aria-atomic=\"true\"><\/p> <ul><\/ul><\/div>\n<form action=\"\/de\/wp-json\/wp\/v2\/pages\/2997#wpcf7-f2999-o1\" method=\"post\" class=\"wpcf7-form init wpcf7-acceptance-as-validation\" novalidate=\"novalidate\" data-status=\"init\">\n<div style=\"display: none;\">\n<input type=\"hidden\" name=\"_wpcf7\" value=\"2999\" \/>\n<input type=\"hidden\" name=\"_wpcf7_version\" value=\"5.4\" \/>\n<input type=\"hidden\" name=\"_wpcf7_locale\" value=\"en_US\" \/>\n<input type=\"hidden\" name=\"_wpcf7_unit_tag\" value=\"wpcf7-f2999-o1\" \/>\n<input type=\"hidden\" name=\"_wpcf7_container_post\" value=\"0\" \/>\n<input type=\"hidden\" name=\"_wpcf7_posted_data_hash\" value=\"\" \/>\n<input type=\"hidden\" name=\"nlang\" value=\"de\" \/>\n<input type=\"hidden\" name=\"_wpcf7_recaptcha_response\" value=\"\" \/>\n<\/div>\n<p><label> Vorname und name (*) <span class=\"wpcf7-form-control-wrap your-name\"><input type=\"text\" name=\"your-name\" value=\"\" size=\"40\" class=\"wpcf7-form-control wpcf7-text wpcf7-validates-as-required\" aria-required=\"true\" aria-invalid=\"false\" \/><\/span><\/label><\/p>\n<p><label> Email (*) <span class=\"wpcf7-form-control-wrap your-email\"><input type=\"email\" name=\"your-email\" value=\"\" size=\"40\" class=\"wpcf7-form-control wpcf7-text wpcf7-email wpcf7-validates-as-required wpcf7-validates-as-email\" aria-required=\"true\" aria-invalid=\"false\" \/><\/span><\/label><\/p>\n<div class=\"fusion-one-half fusion-layout-column fusion-spacing-yes\"><label>Ankunftsdatum <span class=\"wpcf7-form-control-wrap date-arrivo\"><input type=\"date\" name=\"date-arrivo\" value=\"\" class=\"wpcf7-form-control wpcf7-date wpcf7-validates-as-date\" aria-invalid=\"false\" \/><\/span><\/label><\/div>\n<div class=\"fusion-one-half fusion-layout-column fusion-column-last fusion-spacing-yes\"><label>Abfahrtsdatum <span class=\"wpcf7-form-control-wrap date-partenza\"><input type=\"date\" name=\"date-partenza\" value=\"\" class=\"wpcf7-form-control wpcf7-date wpcf7-validates-as-date\" aria-invalid=\"false\" \/><\/span><\/label><\/div>\n<div class=\"fusion-one-third fusion-layout-column fusion-spacing-yes\"><label> Zimmer:Einzelz <span class=\"wpcf7-form-control-wrap number-singole\"><input type=\"number\" name=\"number-singole\" value=\"\" class=\"wpcf7-form-control wpcf7-number wpcf7-validates-as-number\" min=\"0\" max=\"5\" aria-invalid=\"false\" \/><\/span> <\/label><\/div>\n<div class=\"fusion-one-third fusion-layout-column fusion-spacing-yes\"><label> Doppelz. <span class=\"wpcf7-form-control-wrap number-doppie\"><input type=\"number\" name=\"number-doppie\" value=\"\" class=\"wpcf7-form-control wpcf7-number wpcf7-validates-as-number\" min=\"0\" max=\"5\" aria-invalid=\"false\" \/><\/span><\/label><\/div>\n<div class=\"fusion-one-third fusion-layout-column fusion-column-last fusion-spacing-yes\"><label> Dreibettz. <span class=\"wpcf7-form-control-wrap number-triple\"><input type=\"number\" name=\"number-triple\" value=\"\" class=\"wpcf7-form-control wpcf7-number wpcf7-validates-as-number\" min=\"0\" max=\"5\" aria-invalid=\"false\" \/><\/span><\/label><\/div>\n<div class=\"fusion-one-half fusion-layout-column fusion-spacing-yes\"><label>Erwachsene <span class=\"wpcf7-form-control-wrap number-adulti\"><input type=\"number\" name=\"number-adulti\" value=\"\" class=\"wpcf7-form-control wpcf7-number wpcf7-validates-as-number\" aria-invalid=\"false\" \/><\/span><\/label><\/div>\n<div class=\"fusion-one-half fusion-layout-column fusion-column-last fusion-spacing-yes\"><label>Kinder <span class=\"wpcf7-form-control-wrap number-bambini\"><input type=\"number\" name=\"number-bambini\" value=\"\" class=\"wpcf7-form-control wpcf7-number wpcf7-validates-as-number\" aria-invalid=\"false\" \/><\/span><\/label><\/div>\n<p><label>Unterbringung <span class=\"wpcf7-form-control-wrap menu-trattamento\"><select name=\"menu-trattamento\" class=\"wpcf7-form-control wpcf7-select\" aria-invalid=\"false\"><option value=\"W\u00e4hlen Sie die Art der Behandlung, die Sie bevorzugen\">W\u00e4hlen Sie die Art der Behandlung, die Sie bevorzugen<\/option><option value=\"Zimmer und Fr\u00fchst\u00fcck\">Zimmer und Fr\u00fchst\u00fcck<\/option><option value=\"Halbpension\">Halbpension<\/option><option value=\"Vollpension\">Vollpension<\/option><option value=\"&ldquo;All inclusive&rdquo; Formula\">&ldquo;All inclusive&rdquo; Formula<\/option><\/select><\/span><\/label><\/p>\n<p><label>Anzeige <span class=\"wpcf7-form-control-wrap your-message\"><textarea name=\"your-message\" cols=\"40\" rows=\"10\" class=\"wpcf7-form-control wpcf7-textarea\" aria-invalid=\"false\"><\/textarea><\/span><\/label><\/p>\n<span class=\"wpcf7-form-control-wrap recaptcha\"><span data-sitekey=\"6LeG0d0ZAAAAAMorjmvqPkllDusazrNHCRoDxTxI\" class=\"wpcf7-form-control g-recaptcha wpcf7-recaptcha\"><\/span>\r\n<noscript>\r\n\t<div class=\"grecaptcha-noscript\">\r\n\t\t<iframe src=\"https:\/\/www.google.com\/recaptcha\/api\/fallback?k=6LeG0d0ZAAAAAMorjmvqPkllDusazrNHCRoDxTxI\" frameborder=\"0\" scrolling=\"no\" width=\"310\" height=\"430\">\r\n\t\t<\/iframe>\r\n\t\t<textarea name=\"g-recaptcha-response\" rows=\"3\" cols=\"40\" placeholder=\"reCaptcha Response Here\">\r\n\t\t<\/textarea>\r\n\t<\/div>\r\n<\/noscript>\r\n<\/span>\n<p class=\"mwb-chk-privacy\">Um herauszufinden, wie wir mit Ihren personenbezogenen Daten umgehen und wie Sie Ihre Rechte aus\u00fcben k\u00f6nnen, lesen Sie bitte unsere Datenschutzerkl\u00e4rung unter <a href=\"\/de\/privacy-policy\/\/\">policy-privacy<\/a><\/p>\n<p class=\"mwb-chk-privacy\"><span class=\"wpcf7-form-control-wrap checkbox-123\"><span class=\"wpcf7-form-control wpcf7-checkbox\"><span class=\"wpcf7-list-item first last\"><label><input type=\"checkbox\" name=\"checkbox-123[]\" value=\"Ich erkl\u00e4re, dass ich die Datenschutzerkl\u00e4rung gelesen habe und mit der Verwendung meiner Daten zum Erhalt Ihrer Werbe-Newsletter einverstanden bin.\" \/><span class=\"wpcf7-list-item-label\">Ich erkl\u00e4re, dass ich die Datenschutzerkl\u00e4rung gelesen habe und mit der Verwendung meiner Daten zum Erhalt Ihrer Werbe-Newsletter einverstanden bin.<\/span><\/label><\/span><\/span><\/span><\/p>\n<p style=\"text-align: center\"><input type=\"submit\" value=\"Senden\" class=\"wpcf7-form-control wpcf7-submit fusion-button button-xlarge button-default\" \/><\/p>\n<div class=\"fusion-alert alert custom alert-custom fusion-alert-center wpcf7-response-output fusion-alert-capitalize alert-dismissable\" style=\"border-width:1px;\"><button type=\"button\" class=\"close toggle-alert\" data-dismiss=\"alert\" aria-hidden=\"true\">&times;<\/button><div class=\"fusion-alert-content-wrapper\"><span class=\"fusion-alert-content\"><\/span><\/div><\/div><\/form><\/div><div class=\"fusion-clearfix\"><\/div><\/div><\/div><div class=\"fusion-layout-column fusion_builder_column fusion-builder-column-2 fusion_builder_column_1_3 1_3 fusion-one-third fusion-column-last\" style=\"width:30.6666%;margin-top:0px;margin-bottom:20px;\"><div class=\"fusion-column-wrapper fusion-flex-column-wrapper-legacy\" style=\"background-position:left top;background-repeat:no-repeat;-webkit-background-size:cover;-moz-background-size:cover;-o-background-size:cover;background-size:cover;background-color:#ffffff;padding: 0px 0px 0px 0px;\"><div class=\"fusion-sep-clear\"><\/div><div class=\"fusion-separator fusion-no-large-visibility fusion-full-width-sep\" style=\"margin-left: auto;margin-right: auto;margin-top:40px;width:100%;\"><\/div><div class=\"fusion-sep-clear\"><\/div><div class=\"fusion-text fusion-text-3\" style=\"transform:translate3d(0,0,0);\"><p style=\"letter-spacing: 4px; font-size: 13px; margin-bottom: 0px;\">N\u00dcTZLICHE INFORMATIONEN<\/p>\n<h2>Hotel Villa Rossi<\/h2>\n<\/div><div class=\"fusion-sep-clear\"><\/div><div class=\"fusion-separator fusion-clearfix\" style=\"float:left;margin-top:0px;margin-bottom:20px;width:100%;max-width:50px;\"><div class=\"fusion-separator-border sep-single sep-solid\" style=\"border-color:#cbaa5c;border-top-width:1px;\"><\/div><\/div><div class=\"fusion-sep-clear\"><\/div><div class=\"fusion-text fusion-text-4\" style=\"transform:translate3d(0,0,0);\"><p class=\"address\"><i class=\"fb-icon-element-1 fb-icon-element fontawesome-icon fa-map-marker-alt fas circle-yes fusion-text-flow\" style=\"font-size:14.08px;line-height:26.16px;height:28.16px;width:28.16px;border-width:1px;margin-right:8px;\"><\/i><style>i.fb-icon-element.fontawesome-icon.fb-icon-element-1{ color: #ffffff; background-color: #4f4977; border-color: #4f4977;}i.fb-icon-element.fontawesome-icon.fb-icon-element-1:hover { color: #ffffff; background-color: #4f4977; border-color: #4f4977;}<\/style> Via Virgilio, 110<br \/>\n47814 Bellaria Igea Marina (Rimini)<\/p>\n<p class=\"phone\"><div class=\"fusion-fa-align-left\"><i class=\"fb-icon-element-2 fb-icon-element fontawesome-icon fa-phone fas circle-yes\" style=\"font-size:14.08px;line-height:26.16px;height:28.16px;width:28.16px;border-width:1px;margin-right:8px;\"><\/i><\/div><style>i.fb-icon-element.fontawesome-icon.fb-icon-element-2{ color: #ffffff; background-color: #4f4977; border-color: #4f4977;}i.fb-icon-element.fontawesome-icon.fb-icon-element-2:hover { color: #ffffff; background-color: #4f4977; border-color: #4f4977;}<\/style> Telefon: <a href=\"tel:+390541330271\">(+39) 0541 330271<\/a><\/p>\n<p class=\"fax\"><i class=\"fb-icon-element-3 fb-icon-element fontawesome-icon fa-fax fas circle-yes fusion-text-flow\" style=\"font-size:14.08px;line-height:26.16px;height:28.16px;width:28.16px;border-width:1px;margin-right:8px;\"><\/i><style>i.fb-icon-element.fontawesome-icon.fb-icon-element-3{ color: #ffffff; background-color: #4f4977; border-color: #4f4977;}i.fb-icon-element.fontawesome-icon.fb-icon-element-3:hover { color: #ffffff; background-color: #4f4977; border-color: #4f4977;}<\/style> Fax: (+39) 0541 330271<\/p>\n<p class=\"email\"><i class=\"fb-icon-element-4 fb-icon-element fontawesome-icon fa-envelope far circle-yes fusion-text-flow\" style=\"font-size:14.08px;line-height:26.16px;height:28.16px;width:28.16px;border-width:1px;margin-right:8px;\"><\/i><style>i.fb-icon-element.fontawesome-icon.fb-icon-element-4{ color: #ffffff; background-color: #4f4977; border-color: #4f4977;}i.fb-icon-element.fontawesome-icon.fb-icon-element-4:hover { color: #ffffff; background-color: #4f4977; border-color: #4f4977;}<\/style>\u00a0Email:\u00a0<a href=\"mailto:info@hotelvillarossi.it\">info@hotelvillarossi.it<\/a><\/p>\n<p class=\"web\"><i class=\"fb-icon-element-5 fb-icon-element fontawesome-icon fa-sitemap fas circle-yes fusion-text-flow\" style=\"font-size:14.08px;line-height:26.16px;height:28.16px;width:28.16px;border-width:1px;margin-right:8px;\"><\/i><style>i.fb-icon-element.fontawesome-icon.fb-icon-element-5{ color: #ffffff; background-color: #4f4977; border-color: #4f4977;}i.fb-icon-element.fontawesome-icon.fb-icon-element-5:hover { color: #ffffff; background-color: #4f4977; border-color: #4f4977;}<\/style>\u00a0Web:\u00a0<a href=\"https:\/\/www.hotelvillarossi.it\/\">www.hotelvillarossi.it<\/a><\/p>\n<\/div><div class=\"fusion-fa-align-center\"><i class=\"fb-icon-element-6 fb-icon-element fontawesome-icon fa-quote-left fas circle-yes fusion-no-large-visibility\" style=\"font-size:35.2px;line-height:68.4px;height:70.4px;width:70.4px;border-width:1px;\"><\/i><\/div><style>i.fb-icon-element.fontawesome-icon.fb-icon-element-6{ color: #ffffff; background-color: #32324e; border-color: transparent;}i.fb-icon-element.fontawesome-icon.fb-icon-element-6:hover { color: #ffffff; background-color: #32324e; border-color: transparent;}<\/style><div class=\"fusion-text fusion-text-5 fusion-no-large-visibility\" style=\"transform:translate3d(0,0,0);\"><h4><em>\u201c<strong>Super Feiertag. Reinr\u00e4ume und sehr aufmerksames Personal f\u00fcr die Kunden&#8230; freundlich und effizient&#8230;.. Das Essen ist ausgezeichnet, abwechslungsreich und reichhaltig&#8230;. Empfohlen f\u00fcr einen ruhigen Urlaub f\u00fcr Paare und Familien&#8230;. Fantastisches Erlebnis&#8230;.. Wir werden zur\u00fcckkehren<\/strong>\u201c<\/em><\/h4>\n<p style=\"letter-spacing: 4px; font-size: 13px; line-height: 22px;\">DENISE L.<\/p>\n<\/div><div class=\"fusion-fa-align-center\"><i class=\"fb-icon-element-7 fb-icon-element fontawesome-icon fa-quote-left fas circle-yes\" style=\"font-size:35.2px;line-height:68.4px;height:70.4px;width:70.4px;border-width:1px;\"><\/i><\/div><style>i.fb-icon-element.fontawesome-icon.fb-icon-element-7{ color: #ffffff; background-color: #32324e; border-color: transparent;}i.fb-icon-element.fontawesome-icon.fb-icon-element-7:hover { color: #ffffff; background-color: #32324e; border-color: transparent;}<\/style><div class=\"fusion-text fusion-text-6\" style=\"transform:translate3d(0,0,0);\"><h4><em>\u201c<strong>Die Freundlichkeit, die ausgezeichnete K\u00fcche, das Personal und vor allem die gro\u00dfe Verf\u00fcgbarkeit von Federica, Fulvia und Nadina haben unseren Urlaub ruhig und angenehm gemacht. Wir empfehlen jedem einen Urlaub mit ihnen&#8230;. Sie werden zufrieden sein.<\/strong>\u201d<\/em><\/h4>\n<p style=\"letter-spacing: 4px; font-size: 13px; line-height: 22px;\">MADDALENADIGIOIA<\/p>\n<\/div><div class=\"fusion-sep-clear\"><\/div><div class=\"fusion-separator fusion-full-width-sep\" style=\"margin-left: auto;margin-right: auto;margin-top:40px;width:100%;\"><\/div><div class=\"fusion-sep-clear\"><\/div><span class=\" fusion-imageframe imageframe-none imageframe-1 hover-type-none\"><img width=\"400\" height=\"240\" title=\"Hotel Villa Rossi vicino alla spiaggia\" src=\"https:\/\/www.hotelvillarossi.it\/wp-content\/uploads\/2019\/01\/hvr-mare-e-spiaggia-borsa-e-giochi-400x240.jpg\" class=\"img-responsive wp-image-2469\" srcset=\"https:\/\/www.hotelvillarossi.it\/wp-content\/uploads\/2019\/01\/hvr-mare-e-spiaggia-borsa-e-giochi-200x120.jpg 200w, https:\/\/www.hotelvillarossi.it\/wp-content\/uploads\/2019\/01\/hvr-mare-e-spiaggia-borsa-e-giochi-400x240.jpg 400w, https:\/\/www.hotelvillarossi.it\/wp-content\/uploads\/2019\/01\/hvr-mare-e-spiaggia-borsa-e-giochi-600x360.jpg 600w, https:\/\/www.hotelvillarossi.it\/wp-content\/uploads\/2019\/01\/hvr-mare-e-spiaggia-borsa-e-giochi-800x480.jpg 800w, https:\/\/www.hotelvillarossi.it\/wp-content\/uploads\/2019\/01\/hvr-mare-e-spiaggia-borsa-e-giochi.jpg 1200w\" sizes=\"(max-width: 800px) 100vw, 400px\" \/><\/span><div class=\"fusion-clearfix\"><\/div><\/div><\/div><\/div><\/div><\/p>\n","protected":false},"excerpt":{"rendered":"","protected":false},"author":1,"featured_media":0,"parent":0,"menu_order":0,"comment_status":"closed","ping_status":"closed","template":"100-width.php","meta":{"_expiration-date-status":"saved","_expiration-date":0,"_expiration-date-type":"","_expiration-date-categories":[],"_expiration-date-options":[]},"_links":{"self":[{"href":"https:\/\/www.hotelvillarossi.it\/de\/wp-json\/wp\/v2\/pages\/2997"}],"collection":[{"href":"https:\/\/www.hotelvillarossi.it\/de\/wp-json\/wp\/v2\/pages"}],"about":[{"href":"https:\/\/www.hotelvillarossi.it\/de\/wp-json\/wp\/v2\/types\/page"}],"author":[{"embeddable":true,"href":"https:\/\/www.hotelvillarossi.it\/de\/wp-json\/wp\/v2\/users\/1"}],"replies":[{"embeddable":true,"href":"https:\/\/www.hotelvillarossi.it\/de\/wp-json\/wp\/v2\/comments?post=2997"}],"version-history":[{"count":6,"href":"https:\/\/www.hotelvillarossi.it\/de\/wp-json\/wp\/v2\/pages\/2997\/revisions"}],"predecessor-version":[{"id":3537,"href":"https:\/\/www.hotelvillarossi.it\/de\/wp-json\/wp\/v2\/pages\/2997\/revisions\/3537"}],"wp:attachment":[{"href":"https:\/\/www.hotelvillarossi.it\/de\/wp-json\/wp\/v2\/media?parent=2997"}],"curies":[{"name":"wp","href":"https:\/\/api.w.org\/{rel}","templated":true}]}}