{"id":2989,"date":"2019-01-28T15:13:34","date_gmt":"2019-01-28T14:13:34","guid":{"rendered":"https:\/\/www.hotelvillarossi.it\/listino-prezzi\/"},"modified":"2026-02-11T18:09:39","modified_gmt":"2026-02-11T17:09:39","slug":"preisliste","status":"publish","type":"page","link":"https:\/\/www.hotelvillarossi.it\/de\/preisliste\/","title":{"rendered":"Preisliste"},"content":{"rendered":"<p><div class=\"fusion-fullwidth fullwidth-box fusion-builder-row-1 nonhundred-percent-fullwidth non-hundred-percent-height-scrolling\" style=\"background-color: rgba(255,255,255,0);background-position: left top;background-repeat: no-repeat;padding-top:0px;padding-right:0px;padding-bottom:50px;padding-left:0px;margin-bottom: 0px;margin-top: 0px;border-width: 0px 0px 0px 0px;border-color:#eae9e9;border-style:solid;\" ><div class=\"fusion-builder-row fusion-row\"><div class=\"fusion-layout-column fusion_builder_column fusion-builder-column-0 fusion_builder_column_1_1 1_1 fusion-one-full fusion-column-first fusion-column-last\" style=\"margin-top:0px;margin-bottom:20px;\"><div class=\"fusion-column-wrapper fusion-flex-column-wrapper-legacy\" style=\"background-position:right bottom;background-repeat:no-repeat;-webkit-background-size:cover;-moz-background-size:cover;-o-background-size:cover;background-size:cover;padding: 0px 0px 0px 0px;\"><div class=\"fusion-text fusion-text-1\" style=\"transform:translate3d(0,0,0);\"><h1>Preisliste 2026<\/h1>\n<\/div><div class=\"fusion-sep-clear\"><\/div><div class=\"fusion-separator fusion-clearfix\" style=\"float:left;margin-top:0px;margin-bottom:20px;width:100%;max-width:50px;\"><div class=\"fusion-separator-border sep-single sep-solid\" style=\"border-color:#cbaa5c;border-top-width:1px;\"><\/div><\/div><div class=\"fusion-sep-clear\"><\/div>\n<div class=\"table-1\">\n<table style=\"width: 100%; height: 216px;\" width=\"100%\">\n<thead>\n<tr style=\"height: 72px;\">\n<th style=\"height: 72px; width: 124.433px;\"><\/th>\n<th style=\"text-align: center; height: 72px; width: 358.35px;\"><b>Vollpension<\/b><\/th>\n<th style=\"text-align: center; height: 72px; width: 490.283px;\">All Inclusive<\/th>\n<th style=\"text-align: center; width: 142.433px;\">7 Nacht<br \/>\nAll inclusive<\/th>\n<\/tr>\n<\/thead>\n<tbody>\n<tr style=\"height: 24px;\">\n<td style=\"height: 24px; width: 124.433px;\" align=\"left\"><\/td>\n<td style=\"text-align: center; height: 24px; width: 358.35px;\">vom<\/td>\n<td style=\"text-align: center; height: 24px; width: 490.283px;\"><\/td>\n<td style=\"text-align: center; width: 142.433px;\">vom<\/td>\n<\/tr>\n<tr style=\"height: 24px;\">\n<td style=\"height: 24px; width: 124.433px;\" align=\"left\">22.05 &#8211; 18.06<\/td>\n<td style=\"text-align: center; height: 24px; width: 358.35px;\">\u00a0\u20ac 60,00<\/td>\n<td style=\"text-align: center; height: 24px; width: 490.283px;\">+\u20ac 20,00<\/td>\n<td style=\"text-align: center; width: 142.433px;\">\u00a0\u20ac 525,00<\/td>\n<\/tr>\n<tr style=\"height: 24px;\">\n<td style=\"height: 24px; width: 124.433px;\" align=\"left\">19.06 &#8211; 30.06<\/td>\n<td style=\"text-align: center; height: 24px; width: 358.35px;\">\u00a0\u20ac 60,00 &#8211; \u20ac65,00<\/td>\n<td style=\"text-align: center; height: 24px; width: 490.283px;\">+\u20ac 20,00<\/td>\n<td style=\"text-align: center; width: 142.433px;\">\u00a0\u20ac 585,00<\/td>\n<\/tr>\n<tr style=\"height: 24px;\">\n<td style=\"height: 24px; width: 124.433px;\">01.07 &#8211; 07.08<br \/>\n23.08 &#8211; 31.08<\/td>\n<td style=\"text-align: center; height: 24px; width: 358.35px;\">\u00a0\u20ac 74,00<\/td>\n<td style=\"text-align: center; height: 24px; width: 490.283px;\">+\u20ac 20,00<\/td>\n<td style=\"text-align: center; width: 142.433px;\">\u00a0\u20ac 650,00<\/td>\n<\/tr>\n<tr style=\"height: 24px;\">\n<td style=\"height: 24px; width: 124.433px;\" align=\"left\">07.08 -22.08<\/td>\n<td style=\"text-align: center; height: 24px; width: 358.35px;\">\u00a0\u20ac 74,00 &#8211; 85,00<\/td>\n<td style=\"text-align: center; height: 24px; width: 490.283px;\">Anfrage<\/td>\n<td style=\"text-align: center; width: 142.433px;\">Anfrage<\/td>\n<\/tr>\n<tr style=\"height: 24px;\">\n<td style=\"height: 24px; width: 124.433px;\" align=\"left\">01.09 14.09<\/td>\n<td style=\"text-align: center; height: 24px; width: 358.35px;\">\u00a0\u20ac 60,00 &#8211; 65,00<\/td>\n<td style=\"text-align: center; height: 24px; width: 490.283px;\">+\u20ac 19,00<\/td>\n<td style=\"text-align: center; width: 142.433px;\">\u20ac 525,00<\/td>\n<\/tr>\n<\/tbody>\n<\/table>\n<\/div>\n<div class=\"fusion-sep-clear\"><\/div><div class=\"fusion-separator fusion-clearfix\" style=\"float:left;margin-top:30px;margin-bottom:30px;width:100%;max-width:50px;\"><div class=\"fusion-separator-border sep-single sep-solid\" style=\"border-color:#cbaa5c;border-top-width:1px;\"><\/div><\/div><div class=\"fusion-sep-clear\"><\/div><div class=\"fusion-text fusion-text-2\" style=\"transform:translate3d(0,0,0);\"><p><span class=\"VIiyi\" lang=\"de\"><span class=\"JLqJ4b ChMk0b\" data-language-for-alternatives=\"de\" data-language-to-translate-into=\"it\" data-phrase-index=\"8\" data-number-of-phrases=\"29\">Die Preise verstehen sich pro Person und Tag in Vollpension mit Wasser zu den Mahlzeiten.<\/span> <span class=\"JLqJ4b ChMk0b\" data-language-for-alternatives=\"de\" data-language-to-translate-into=\"it\" data-phrase-index=\"9\" data-number-of-phrases=\"29\">Nach einer dynamischen Preisliste, die sich je nach Saison \u00e4ndert, gelten sie &#8222;ab&#8220; f\u00fcr mindestens 3 N\u00e4chte.<\/span> <\/span><\/p>\n<p><span class=\"VIiyi\" lang=\"de\"><span class=\"JLqJ4b ChMk0b\" data-language-for-alternatives=\"de\" data-language-to-translate-into=\"it\" data-phrase-index=\"10\" data-number-of-phrases=\"29\">Der Preis der &#8222;Strand&#8220;-Formel gilt f\u00fcr mindestens 7 N\u00e4chte.<\/span> <span class=\"JLqJ4b ChMk0b\" data-language-for-alternatives=\"de\" data-language-to-translate-into=\"it\" data-phrase-index=\"12\" data-number-of-phrases=\"29\">Nicht im Restaurant eingenommene Mahlzeiten werden nicht erstattet, ein Lunchpaket wird auf Anfrage bereitgestellt<\/span> <span class=\"JLqJ4b ChMk0b\" data-language-for-alternatives=\"de\" data-language-to-translate-into=\"it\" data-phrase-index=\"14\" data-number-of-phrases=\"29\">Vollpension.<\/span> <\/span><\/p>\n<p><span class=\"VIiyi\" lang=\"de\"><span class=\"JLqJ4b ChMk0b\" data-language-for-alternatives=\"de\" data-language-to-translate-into=\"it\" data-phrase-index=\"16\" data-number-of-phrases=\"29\"><strong>Die Vollpension<\/strong> beinhaltet die Unterbringung in einem Standardzimmer, Fr\u00fchst\u00fccksbuffet, Mittag- und Abendessen, die am Tisch serviert werden, mit einer Auswahl an Fleisch- und Fischmen\u00fcs und Wasser zu den Mahlzeiten.<\/span> <\/span><\/p>\n<p><span class=\"VIiyi\" lang=\"de\"><strong><span class=\"JLqJ4b ChMk0b\" data-language-for-alternatives=\"de\" data-language-to-translate-into=\"it\" data-phrase-index=\"18\" data-number-of-phrases=\"29\">Spezialangebot<\/span><br \/>\n<\/strong><span class=\"JLqJ4b ChMk0b\" data-language-for-alternatives=\"de\" data-language-to-translate-into=\"it\" data-phrase-index=\"20\" data-number-of-phrases=\"29\">Um Sonderangebote zu erhalten, die normalerweise zu jeder Jahreszeit verf\u00fcgbar sind, k\u00f6nnen Sie unsere spezielle Seite aufrufen.<\/span> <\/span><\/p>\n<p><strong>Zuschl\u00e4ge:<br \/>\n<\/strong>Einzelzimmer: +6,00 \u20ac<br \/>\nKlimaanlage im Zimmer: +4,00 \u20ac pro Zimmer<br \/>\nVollpension und Getr\u00e4nke zum essen: +6,00 \u20ac pro Person und pro Tag<\/p>\n<p><strong>Verkleinerungen:<br \/>\n<\/strong>Halb Pension: -5.00 \u20ac<br \/>\nKinder im Zimmer mit 2 Erwachsenen:<br \/>\n\u2013 Kinder bis 1 Jahre: 15.00 \u20ac pro Tag<br \/>\n\u2013 Kinder von 2 bis 6 Jahre: -50%<br \/>\n\u2013 Kinder von 7 bis 13 Jahre: -30%<br \/>\n<span id=\"result_box\" class=\"short_text\" lang=\"de\"><span class=\"hps\">Drittes Bett: -10%<br \/>\n<\/span><\/span>Vierte Bett: -20%<\/p>\n<p><strong>Kostenlose Sonder Kinder (Mindestaufenthalt 7 Tage):<br \/>\n<\/strong>Ein Kind unter 4 Jahre gratis im Zimmer mit 2 Erwachsenen (ohne 7. bis 21. August)<\/p>\n<p><strong>Spezielle Familienplan:<br \/>\n<\/strong>2 Erwachsene + 2 Kinder (unter 13 Jahre) = 3 Erwachsene<\/p>\n<p><strong>Special 1 Erwachsener + 1 Kind:<br \/>\n<\/strong>Das Kind erh\u00e4lt einen Rabatt anpassen<\/p>\n<\/div><div class=\"fusion-clearfix\"><\/div><\/div><\/div><\/div><\/div><div class=\"fusion-bg-parallax\" data-bg-align=\"left center\" data-direction=\"up\" data-mute=\"false\" data-opacity=\"100\" data-velocity=\"-0.3\" data-mobile-enabled=\"false\" data-break_parents=\"0\" data-bg-image=\"https:\/\/www.hotelvillarossi.it\/wp-content\/uploads\/2015\/01\/testimonials_bg1.jpg\" data-bg-repeat=\"false\" data-bg-color=\"#f4f6f8\" ><\/div><div class=\"fusion-fullwidth fullwidth-box fusion-builder-row-2 fusion-parallax-up nonhundred-percent-fullwidth non-hundred-percent-height-scrolling fusion-equal-height-columns\" style=\"background-color: #f4f6f8;background-image: url(&quot;https:\/\/www.hotelvillarossi.it\/wp-content\/uploads\/2015\/01\/testimonials_bg1.jpg&quot;);background-position: left center;background-repeat: no-repeat;padding-top:0px;padding-right:0px;padding-bottom:60px;padding-left:0px;margin-bottom: 100px;margin-top: 0px;border-width: 0px 0px 0px 0px;border-color:#eae9e9;border-style:solid;-webkit-background-size:cover;-moz-background-size:cover;-o-background-size:cover;background-size:cover;\" ><div class=\"fusion-builder-row fusion-row\"><div class=\"fusion-layout-column fusion_builder_column fusion-builder-column-1 fusion_builder_column_1_1 1_1 fusion-one-full fusion-column-first fusion-column-last fusion-column-no-min-height\" style=\"margin-top:0px;margin-bottom:0px;\"><div class=\"fusion-column-wrapper fusion-flex-column-wrapper-legacy\" style=\"background-position:left top;background-repeat:no-repeat;-webkit-background-size:cover;-moz-background-size:cover;-o-background-size:cover;background-size:cover;padding: 0px 0px 0px 0px;\"><div class=\"imageframe-align-center\"><span class=\" fusion-imageframe imageframe-none imageframe-1 hover-type-none\"><img width=\"370\" height=\"82\" title=\"Ornamenti all&#8217;Hotel Villa Rossi\" src=\"https:\/\/www.hotelvillarossi.it\/wp-content\/uploads\/2019\/01\/flowers_top-hvr.png\" class=\"img-responsive wp-image-2367\" srcset=\"https:\/\/www.hotelvillarossi.it\/wp-content\/uploads\/2019\/01\/flowers_top-hvr-200x44.png 200w, https:\/\/www.hotelvillarossi.it\/wp-content\/uploads\/2019\/01\/flowers_top-hvr.png 370w\" sizes=\"(max-width: 800px) 100vw, 370px\" \/><\/span><\/div><div class=\"fusion-sep-clear\"><\/div><div class=\"fusion-separator fusion-full-width-sep\" style=\"margin-left: auto;margin-right: auto;margin-top:55px;width:100%;\"><\/div><div class=\"fusion-sep-clear\"><\/div><div class=\"fusion-clearfix\"><\/div><\/div><\/div><div class=\"fusion-layout-column fusion_builder_column fusion-builder-column-2 fusion_builder_column_1_6 1_6 fusion-one-sixth fusion-column-first\" style=\"margin-top:0px;margin-bottom:20px;\"><div class=\"fusion-column-wrapper fusion-flex-column-wrapper-legacy\" style=\"background-position:left top;background-repeat:no-repeat;-webkit-background-size:cover;-moz-background-size:cover;-o-background-size:cover;background-size:cover;padding: 0px 0px 0px 0px;\"><div class=\"fusion-fa-align-center\"><i class=\"fb-icon-element-1 fb-icon-element fontawesome-icon fa-quote-left fas circle-yes\" style=\"font-size:35.2px;line-height:68.4px;height:70.4px;width:70.4px;border-width:1px;\"><\/i><\/div><style>i.fb-icon-element.fontawesome-icon.fb-icon-element-1{ color: #ffffff; background-color: #32324e; border-color: transparent;}i.fb-icon-element.fontawesome-icon.fb-icon-element-1:hover { color: #ffffff; background-color: #32324e; border-color: transparent;}<\/style><div class=\"fusion-clearfix\"><\/div><\/div><\/div><div class=\"fusion-layout-column fusion_builder_column fusion-builder-column-3 fusion_builder_column_1_3 1_3 fusion-one-third\" style=\"margin-top:0px;margin-bottom:20px;\"><div class=\"fusion-column-wrapper fusion-flex-column-wrapper-legacy\" style=\"background-position:left top;background-repeat:no-repeat;-webkit-background-size:cover;-moz-background-size:cover;-o-background-size:cover;background-size:cover;padding: 0px 0px 0px 0px;\"><div class=\"fusion-text fusion-text-3\" style=\"transform:translate3d(0,0,0);\"><h4><em>&#8222;<strong>Perfekt! Ideal f\u00fcr einen sorgenfreien Urlaub&#8230;.. Sauberkeit und Ordnung sind das erste, was man bemerkt.<\/strong>\u201d<\/em><\/h4>\n<p style=\"letter-spacing: 4px; font-size: 13px; line-height: 22px;\">CHIARA Z.<\/p>\n<\/div><div class=\"fusion-clearfix\"><\/div><\/div><\/div><div class=\"fusion-layout-column fusion_builder_column fusion-builder-column-4 fusion_builder_column_1_6 1_6 fusion-one-sixth\" style=\"margin-top:0px;margin-bottom:20px;\"><div class=\"fusion-column-wrapper fusion-flex-column-wrapper-legacy\" style=\"background-position:left top;background-repeat:no-repeat;-webkit-background-size:cover;-moz-background-size:cover;-o-background-size:cover;background-size:cover;padding: 0px 0px 0px 0px;\"><div class=\"fusion-fa-align-center\"><i class=\"fb-icon-element-2 fb-icon-element fontawesome-icon fa-quote-left fas circle-yes\" style=\"font-size:35.2px;line-height:68.4px;height:70.4px;width:70.4px;border-width:1px;\"><\/i><\/div><style>i.fb-icon-element.fontawesome-icon.fb-icon-element-2{ color: #ffffff; background-color: #32324e; border-color: transparent;}i.fb-icon-element.fontawesome-icon.fb-icon-element-2:hover { color: #ffffff; background-color: #32324e; border-color: transparent;}<\/style><div class=\"fusion-clearfix\"><\/div><\/div><\/div><div class=\"fusion-layout-column fusion_builder_column fusion-builder-column-5 fusion_builder_column_1_3 1_3 fusion-one-third fusion-column-last\" style=\"margin-top:0px;margin-bottom:20px;\"><div class=\"fusion-column-wrapper fusion-flex-column-wrapper-legacy\" style=\"background-position:left top;background-repeat:no-repeat;-webkit-background-size:cover;-moz-background-size:cover;-o-background-size:cover;background-size:cover;padding: 0px 0px 0px 0px;\"><div class=\"fusion-text fusion-text-4\" style=\"transform:translate3d(0,0,0);\"><h4><em>&#8222;<strong>Das ist fantastisch! Ein 2-Sterne-Hotel, das viel mehr wert ist! &#8230; Die R\u00e4ume sind sehr sauber und die Struktur im Allgemeinen sehr angenehm! &#8230; Wundersch\u00f6ner Aufenthalt! Sicherlich werde ich zur\u00fcckkommen!<\/strong>\u201d<\/em><\/h4>\n<p style=\"letter-spacing: 4px; font-size: 13px; line-height: 22px;\">R411ZUCHARLOTTE<\/p>\n<\/div><div class=\"fusion-clearfix\"><\/div><\/div><\/div><\/div><\/div><div class=\"fusion-fullwidth fullwidth-box fusion-builder-row-3 nonhundred-percent-fullwidth non-hundred-percent-height-scrolling\" style=\"background-color: rgba(255,255,255,0);background-position: center center;background-repeat: no-repeat;padding-top:0px;padding-right:0px;padding-bottom:0px;padding-left:0px;margin-bottom: 60px;margin-top: 0px;border-width: 0px 0px 0px 0px;border-color:#eae9e9;border-style:solid;\" ><div class=\"fusion-builder-row fusion-row\"><div class=\"fusion-layout-column fusion_builder_column fusion-builder-column-6 fusion_builder_column_1_1 1_1 fusion-one-full fusion-column-first fusion-column-last fusion-column-no-min-height\" style=\"margin-top:0px;margin-bottom:0px;\"><div class=\"fusion-column-wrapper fusion-flex-column-wrapper-legacy\" style=\"background-position:left top;background-repeat:no-repeat;-webkit-background-size:cover;-moz-background-size:cover;-o-background-size:cover;background-size:cover;padding: 0px 0px 0px 0px;\"><div class=\"fusion-flip-boxes flip-boxes row fusion-columns-3 flip-effect-classic\"><div class=\"fusion-flip-box-wrapper fusion-column col-lg-4 col-md-4 col-sm-4\"><div class=\"fusion-flip-box flip-right\" tabindex=\"0\"><div class=\"flip-box-inner-wrapper\"><div class=\"flip-box-front\" style=\"background-color:#ffffff;border-color:rgba(255,255,255,0);border-radius:4px;border-style:solid;border-width:1px;color:#747474;transition-duration:0.8s;\"><div class=\"flip-box-front-inner\"><div class=\"flip-box-grafix flip-box-no-circle\"><i aria-hidden=\"true\" class=\"fa-map-marker-alt fas\" style=\"color:#cbaa5c;\"><\/i><\/div><h2 class=\"flip-box-heading\" style=\"color:#333333;\">Kontaktieren Sie uns<\/h2>W\u00fcnschen Sie weitere Informationen?Kennen Sie die Verf\u00fcgbarkeit f\u00fcr Ihren Urlaub?<\/div><\/div><div class=\"flip-box-back\" style=\"background-color:#ab8b65;border-color:rgba(255,255,255,0);border-radius:4px;border-style:solid;border-width:1px;color:#ffffff;transition-duration:0.8s;\"><div class=\"flip-box-back-inner\"><h3 class=\"flip-box-heading-back\" style=\"color:#eeeded;\">Kontaktieren Sie uns<\/h3>\n<p>F\u00fcr Ihre Fragen stehen wir Ihnen gerne zur Verf\u00fcgung <div class=\"fusion-button-wrapper\"><style type=\"text\/css\">.fusion-button.button-1 .fusion-button-text, .fusion-button.button-1 i {color:#171717;}.fusion-button.button-1 .fusion-button-icon-divider{border-color:#171717;}.fusion-button.button-1:hover .fusion-button-text, .fusion-button.button-1:hover i,.fusion-button.button-1:focus .fusion-button-text, .fusion-button.button-1:focus i,.fusion-button.button-1:active .fusion-button-text, .fusion-button.button-1:active{color:#171717;}.fusion-button.button-1:hover .fusion-button-icon-divider, .fusion-button.button-1:hover .fusion-button-icon-divider, .fusion-button.button-1:active .fusion-button-icon-divider{border-color:#171717;}.fusion-button.button-1:hover, .fusion-button.button-1:focus, .fusion-button.button-1:active{border-color:#171717;border-width:0px;}.fusion-button.button-1 {border-color:#171717;border-width:0px;border-radius:0px;}.fusion-button.button-1{background: rgba(255,255,255,.25);}.fusion-button.button-1:hover,.button-1:focus,.fusion-button.button-1:active{background: rgba(255,255,255,.45);}<\/style><a class=\"fusion-button button-flat button-large button-custom button-1 fusion-button-default-span \" target=\"_self\" href=\"\/de\/kontakte\/\"><span class=\"fusion-button-text\">Ja, ich w\u00fcnsche weitere Informationen<\/span><\/a><\/div><\/div><\/div><\/div><\/div><\/div><div class=\"fusion-flip-box-wrapper fusion-column col-lg-4 col-md-4 col-sm-4\"><div class=\"fusion-flip-box flip-right\" tabindex=\"0\"><div class=\"flip-box-inner-wrapper\"><div class=\"flip-box-front\" style=\"background-color:#ffffff;border-color:rgba(255,255,255,0);border-radius:4px;border-style:solid;border-width:1px;color:#747474;transition-duration:0.8s;\"><div class=\"flip-box-front-inner\"><div class=\"flip-box-grafix flip-box-no-circle\"><i aria-hidden=\"true\" class=\"fa-envelope far\" style=\"color:#cbaa5c;\"><\/i><\/div><h2 class=\"flip-box-heading\" style=\"color:#333333;\">Senden Sie uns eine E-Mail<\/h2>M\u00f6chten Sie mehr \u00fcber unser Hotel und unsere Dienstleistungen erfahren?<\/div><\/div><div class=\"flip-box-back\" style=\"background-color:#ab8b65;border-color:rgba(255,255,255,0);border-radius:4px;border-style:solid;border-width:1px;color:#ffffff;transition-duration:0.8s;\"><div class=\"flip-box-back-inner\"><h3 class=\"flip-box-heading-back\" style=\"color:#eeeded;\">Senden Sie uns eine E-Mail<\/h3>\n<p>Email: <strong>info@hotelvillarossi.it<\/strong> <div class=\"fusion-button-wrapper\"><style type=\"text\/css\">.fusion-button.button-2 .fusion-button-text, .fusion-button.button-2 i {color:#171717;}.fusion-button.button-2 .fusion-button-icon-divider{border-color:#171717;}.fusion-button.button-2:hover .fusion-button-text, .fusion-button.button-2:hover i,.fusion-button.button-2:focus .fusion-button-text, .fusion-button.button-2:focus i,.fusion-button.button-2:active .fusion-button-text, .fusion-button.button-2:active{color:#171717;}.fusion-button.button-2:hover .fusion-button-icon-divider, .fusion-button.button-2:hover .fusion-button-icon-divider, .fusion-button.button-2:active .fusion-button-icon-divider{border-color:#171717;}.fusion-button.button-2:hover, .fusion-button.button-2:focus, .fusion-button.button-2:active{border-color:#171717;border-width:0px;}.fusion-button.button-2 {border-color:#171717;border-width:0px;border-radius:0px;}.fusion-button.button-2{background: rgba(255,255,255,.25);}.fusion-button.button-2:hover,.button-2:focus,.fusion-button.button-2:active{background: rgba(255,255,255,.45);}<\/style><a class=\"fusion-button button-flat button-large button-custom button-2 fusion-button-default-span \" target=\"_self\" href=\"mailto:info@hotelvillarossi.it\"><span class=\"fusion-button-text\">Senden Sie eine E-Mail<\/span><\/a><\/div><\/div><\/div><\/div><\/div><\/div><div class=\"fusion-flip-box-wrapper fusion-column col-lg-4 col-md-4 col-sm-4\"><div class=\"fusion-flip-box flip-right\" tabindex=\"0\"><div class=\"flip-box-inner-wrapper\"><div class=\"flip-box-front\" style=\"background-color:#ffffff;border-color:rgba(255,255,255,0);border-radius:4px;border-style:solid;border-width:1px;color:#747474;transition-duration:0.8s;\"><div class=\"flip-box-front-inner\"><div class=\"flip-box-grafix flip-box-no-circle\"><i aria-hidden=\"true\" class=\"fa-phone fas\" style=\"color:#cbaa5c;\"><\/i><\/div><h2 class=\"flip-box-heading\" style=\"color:#333333;\">Rufen Sie uns an!<\/h2>M\u00f6chten Sie lieber direkt am Telefon mit uns sprechen?<\/div><\/div><div class=\"flip-box-back\" style=\"background-color:#ab8b65;border-color:rgba(255,255,255,0);border-radius:4px;border-style:solid;border-width:1px;color:#ffffff;transition-duration:0.8s;\"><div class=\"flip-box-back-inner\"><h3 class=\"flip-box-heading-back\" style=\"color:#eeeded;\">Rufen Sie uns an!<\/h3>\n<p>Rufen Sie uns an (+39) 0541 330 271<div class=\"fusion-button-wrapper\"><style type=\"text\/css\">.fusion-button.button-3 .fusion-button-text, .fusion-button.button-3 i {color:#171717;}.fusion-button.button-3 .fusion-button-icon-divider{border-color:#171717;}.fusion-button.button-3:hover .fusion-button-text, .fusion-button.button-3:hover i,.fusion-button.button-3:focus .fusion-button-text, .fusion-button.button-3:focus i,.fusion-button.button-3:active .fusion-button-text, .fusion-button.button-3:active{color:#171717;}.fusion-button.button-3:hover .fusion-button-icon-divider, .fusion-button.button-3:hover .fusion-button-icon-divider, .fusion-button.button-3:active .fusion-button-icon-divider{border-color:#171717;}.fusion-button.button-3:hover, .fusion-button.button-3:focus, .fusion-button.button-3:active{border-color:#171717;border-width:0px;}.fusion-button.button-3 {border-color:#171717;border-width:0px;border-radius:0px;}.fusion-button.button-3{background: rgba(255,255,255,.25);}.fusion-button.button-3:hover,.button-3:focus,.fusion-button.button-3:active{background: rgba(255,255,255,.45);}<\/style><a class=\"fusion-button button-flat button-large button-custom button-3 fusion-button-default-span \" target=\"_self\" href=\"tel:+390541330271\"><span class=\"fusion-button-text\">Ja, ich m\u00f6chte dich anrufen<\/span><\/a><\/div><\/div><\/div><\/div><\/div><\/div><\/div><div class=\"clearfix\"><\/div><div class=\"fusion-clearfix\"><\/div><\/div><\/div><\/div><\/div>\n<\/p>\n","protected":false},"excerpt":{"rendered":"","protected":false},"author":1,"featured_media":0,"parent":0,"menu_order":0,"comment_status":"open","ping_status":"closed","template":"100-width.php","meta":{"_expiration-date-status":"","_expiration-date":0,"_expiration-date-type":"","_expiration-date-categories":[],"_expiration-date-options":[]},"_links":{"self":[{"href":"https:\/\/www.hotelvillarossi.it\/de\/wp-json\/wp\/v2\/pages\/2989"}],"collection":[{"href":"https:\/\/www.hotelvillarossi.it\/de\/wp-json\/wp\/v2\/pages"}],"about":[{"href":"https:\/\/www.hotelvillarossi.it\/de\/wp-json\/wp\/v2\/types\/page"}],"author":[{"embeddable":true,"href":"https:\/\/www.hotelvillarossi.it\/de\/wp-json\/wp\/v2\/users\/1"}],"replies":[{"embeddable":true,"href":"https:\/\/www.hotelvillarossi.it\/de\/wp-json\/wp\/v2\/comments?post=2989"}],"version-history":[{"count":21,"href":"https:\/\/www.hotelvillarossi.it\/de\/wp-json\/wp\/v2\/pages\/2989\/revisions"}],"predecessor-version":[{"id":4107,"href":"https:\/\/www.hotelvillarossi.it\/de\/wp-json\/wp\/v2\/pages\/2989\/revisions\/4107"}],"wp:attachment":[{"href":"https:\/\/www.hotelvillarossi.it\/de\/wp-json\/wp\/v2\/media?parent=2989"}],"curies":[{"name":"wp","href":"https:\/\/api.w.org\/{rel}","templated":true}]}}